{"id":868,"date":"2025-04-22T22:21:52","date_gmt":"2025-04-22T22:21:52","guid":{"rendered":"https:\/\/veragestions.com\/politica-de-privadesa\/"},"modified":"2025-05-14T23:13:29","modified_gmt":"2025-05-14T23:13:29","slug":"politica-de-privadesa","status":"publish","type":"page","link":"https:\/\/veragestions.com\/ca\/politica-de-privadesa\/","title":{"rendered":"Pol\u00edtica de Privadesa"},"content":{"rendered":"<style>.elementor-868 .elementor-element.elementor-element-e50fb6a{--display:flex;--flex-direction:column;--container-widget-width:100%;--container-widget-height:initial;--container-widget-flex-grow:0;--container-widget-align-self:initial;--flex-wrap-mobile:wrap;--overlay-opacity:0.2;border-style:solid;--border-style:solid;border-width:0px 0px 0px 0px;--border-top-width:0px;--border-right-width:0px;--border-bottom-width:0px;--border-left-width:0px;border-color:var( --e-global-color-accent );--border-color:var( --e-global-color-accent );--border-radius:0px 0px 0px 0px;--padding-top:200px;--padding-bottom:200px;--padding-left:0px;--padding-right:0px;}.elementor-868 .elementor-element.elementor-element-e50fb6a:not(.elementor-motion-effects-element-type-background), .elementor-868 .elementor-element.elementor-element-e50fb6a > .elementor-motion-effects-container > .elementor-motion-effects-layer{background-color:transparent;background-image:linear-gradient(180deg, #7D1E5B4A 0%, #FFFFFF 100%);}.elementor-868 .elementor-element.elementor-element-e50fb6a::before, .elementor-868 .elementor-element.elementor-element-e50fb6a > .elementor-background-video-container::before, .elementor-868 .elementor-element.elementor-element-e50fb6a > .e-con-inner > .elementor-background-video-container::before, .elementor-868 .elementor-element.elementor-element-e50fb6a > .elementor-background-slideshow::before, .elementor-868 .elementor-element.elementor-element-e50fb6a > .e-con-inner > .elementor-background-slideshow::before, .elementor-868 .elementor-element.elementor-element-e50fb6a > .elementor-motion-effects-container > .elementor-motion-effects-layer::before{--background-overlay:'';background-position:center center;background-repeat:no-repeat;background-size:cover;}.elementor-868 .elementor-element.elementor-element-2e3ce95b{--display:flex;--gap:10px 10px;--row-gap:10px;--column-gap:10px;}.elementor-widget-heading .elementor-heading-title{font-family:var( --e-global-typography-primary-font-family ), Sans-serif;font-size:var( --e-global-typography-primary-font-size );font-weight:var( --e-global-typography-primary-font-weight );text-transform:var( --e-global-typography-primary-text-transform );text-decoration:var( --e-global-typography-primary-text-decoration );line-height:var( --e-global-typography-primary-line-height );color:var( --e-global-color-primary );}.elementor-868 .elementor-element.elementor-element-4192a44b{text-align:center;}.elementor-868 .elementor-element.elementor-element-4192a44b .elementor-heading-title{font-family:var( --e-global-typography-793eb2f-font-family ), Sans-serif;font-size:var( --e-global-typography-793eb2f-font-size );font-weight:var( --e-global-typography-793eb2f-font-weight );text-transform:var( --e-global-typography-793eb2f-text-transform );text-decoration:var( --e-global-typography-793eb2f-text-decoration );line-height:var( --e-global-typography-793eb2f-line-height );letter-spacing:var( --e-global-typography-793eb2f-letter-spacing );word-spacing:var( --e-global-typography-793eb2f-word-spacing );color:var( --e-global-color-accent );}.elementor-868 .elementor-element.elementor-element-4192a44b > .elementor-widget-container{padding:10px 20px 10px 20px;background-color:#7D1E5B;border-style:solid;border-width:1px 1px 1px 1px;border-color:var( --e-global-color-1524c22 );border-radius:200px 200px 200px 200px;}.elementor-868 .elementor-element.elementor-element-4192a44b.elementor-element{--align-self:center;}.elementor-widget-text-editor{font-family:var( --e-global-typography-text-font-family ), Sans-serif;font-size:var( --e-global-typography-text-font-size );font-weight:var( --e-global-typography-text-font-weight );text-transform:var( --e-global-typography-text-text-transform );text-decoration:var( --e-global-typography-text-text-decoration );line-height:var( --e-global-typography-text-line-height );color:var( --e-global-color-text );}.elementor-widget-text-editor.elementor-drop-cap-view-stacked .elementor-drop-cap{background-color:var( --e-global-color-primary );}.elementor-widget-text-editor.elementor-drop-cap-view-framed .elementor-drop-cap, .elementor-widget-text-editor.elementor-drop-cap-view-default .elementor-drop-cap{color:var( --e-global-color-primary );border-color:var( --e-global-color-primary );}.elementor-868 .elementor-element.elementor-element-d9d6882{text-align:start;}:root{--page-title-display:none;}@media(min-width:768px){.elementor-868 .elementor-element.elementor-element-e50fb6a{--content-width:1290px;}.elementor-868 .elementor-element.elementor-element-2e3ce95b{--content-width:1290px;}}@media(max-width:1024px){.elementor-868 .elementor-element.elementor-element-e50fb6a{--padding-top:150px;--padding-bottom:150px;--padding-left:10px;--padding-right:10px;}.elementor-widget-heading .elementor-heading-title{font-size:var( --e-global-typography-primary-font-size );line-height:var( --e-global-typography-primary-line-height );}.elementor-868 .elementor-element.elementor-element-4192a44b .elementor-heading-title{font-size:var( --e-global-typography-793eb2f-font-size );line-height:var( --e-global-typography-793eb2f-line-height );letter-spacing:var( --e-global-typography-793eb2f-letter-spacing );word-spacing:var( --e-global-typography-793eb2f-word-spacing );}.elementor-widget-text-editor{font-size:var( --e-global-typography-text-font-size );line-height:var( --e-global-typography-text-line-height );}}@media(max-width:767px){.elementor-widget-heading .elementor-heading-title{font-size:var( --e-global-typography-primary-font-size );line-height:var( --e-global-typography-primary-line-height );}.elementor-868 .elementor-element.elementor-element-4192a44b .elementor-heading-title{font-size:var( --e-global-typography-793eb2f-font-size );line-height:var( --e-global-typography-793eb2f-line-height );letter-spacing:var( --e-global-typography-793eb2f-letter-spacing );word-spacing:var( --e-global-typography-793eb2f-word-spacing );}.elementor-widget-text-editor{font-size:var( --e-global-typography-text-font-size );line-height:var( --e-global-typography-text-line-height );}}<\/style>\t\t<div data-elementor-type=\"wp-page\" data-elementor-id=\"868\" class=\"elementor elementor-868 elementor-595\" data-elementor-post-type=\"page\">\n\t\t\t\t<div class=\"elementor-element elementor-element-e50fb6a e-flex e-con-boxed e-con e-parent\" data-id=\"e50fb6a\" data-element_type=\"container\" data-e-type=\"container\" data-settings=\"{&quot;background_background&quot;:&quot;gradient&quot;}\">\n\t\t\t\t\t<div class=\"e-con-inner\">\n\t\t<div class=\"elementor-element elementor-element-2e3ce95b e-flex e-con-boxed e-con e-child\" data-id=\"2e3ce95b\" data-element_type=\"container\" data-e-type=\"container\">\n\t\t\t\t\t<div class=\"e-con-inner\">\n\t\t\t\t<div class=\"elementor-element elementor-element-4192a44b elementor-widget elementor-widget-heading\" data-id=\"4192a44b\" data-element_type=\"widget\" data-e-type=\"widget\" data-widget_type=\"heading.default\">\n\t\t\t\t<div class=\"elementor-widget-container\">\n\t\t\t\t\t<h2 class=\"elementor-heading-title elementor-size-default\">Pol\u00edtica de Privadesa<\/h2>\t\t\t\t<\/div>\n\t\t\t\t<\/div>\n\t\t\t\t\t<\/div>\n\t\t\t\t<\/div>\n\t\t\t\t<div class=\"elementor-element elementor-element-d9d6882 elementor-widget elementor-widget-text-editor\" data-id=\"d9d6882\" data-element_type=\"widget\" data-e-type=\"widget\" data-widget_type=\"text-editor.default\">\n\t\t\t\t<div class=\"elementor-widget-container\">\n\t\t\t\t\t\t\t\t\t<p><span class=\"theming-custom\">Informaci\u00f3 sobre Protecci\u00f3 de Dades<\/span><\/p><p><span class=\"theming-custom\"><strong>Dades relatives al Responsable<\/strong><\/span><\/p><p><span class=\"theming-custom\"><strong>1. Responsable Tractament<\/strong><\/span><\/p><p><span class=\"theming-custom\">&#8211; Entitat: VERA RAMIREZ GESTIONS, S.L.<\/span><\/p><p><span class=\"theming-custom\">&#8211; CIF de lentitat: B70989264<\/span><\/p><p><span class=\"theming-custom\">&#8211; Adre\u00e7a de l&#8217;entitat: PASSEIG D&#8217;OLOT, 47 &#8211; (17006) GIRONA<\/span><\/p><p><span class=\"theming-custom\">&#8211; Email de l&#8217;entitat: VERARAMIREZGESTIONS@GMAIL.COM<\/span><\/p><p><span class=\"theming-custom\">&#8211; Responsable del tractament: TATIANA VERA RAMIREZ<\/span><\/p><p><span class=\"theming-custom\">&#8211; Tel\u00e8fon del Responsable del tractament: 613782161<\/span><\/p><p><span class=\"theming-custom\">&#8211; Adre\u00e7a email del Responsable del tractament : VERARAMIREZGESTIONS@GMAIL.COM<\/span><\/p><p><span class=\"theming-custom\"><strong>2. Finalitats<\/strong><\/span><\/p><p><span class=\"theming-custom\">En compliment del que disposa el Reglament Europeu 2016\/679 General de Protecci\u00f3 de Dades i la Llei Org\u00e0nica 3\/2018 de Protecci\u00f3 de Dades Personals i Garantia de Drets Digitals, us informem que, depenent de la relaci\u00f3 que tingueu amb nosaltres, a VERA RAMIREZ GESTIONS, S.L. tractem les dades que ens facilita per a alguna, o totes, les finalitats seg\u00fcents:<\/span><\/p><p><span class=\"theming-custom\">Consulta en l\u00ednia<\/span><\/p><p><span class=\"theming-custom\">Informaci\u00f3 procedent de Cookies<\/span><\/p><p><span class=\"theming-custom\"><strong>3. Termini de conservaci\u00f3 de les dades<\/strong><\/span><\/p><p><span class=\"theming-custom\">Les vostres dades seran conservades per un termini d&#8217;indefinit. En cas que requereixi la seva eliminaci\u00f3 de forma anticipada, sol\u00b7liciteu-ho mitjan\u00e7ant l&#8217;exercici del dret de supressi\u00f3. Aix\u00ed mateix, les dades que per motius legals hagin de ser emmagatzemades durant un temps necessari per complir normes espec\u00edfiques, seran bloquejades i \u00fanicament estaran a disposici\u00f3 de l&#8217;autoritat p\u00fablica corresponent.  <\/span><\/p><p><span class=\"theming-custom\"><strong>4. Legitimaci\u00f3<\/strong><\/span><\/p><p><span class=\"theming-custom\">La base legal per al tractament de les teves dades rau per:<\/span><\/p><p><span class=\"theming-custom\">Consentiment inequ\u00edvoc<\/span><\/p><p><span class=\"theming-custom\"><strong>5. Destinataris<\/strong><\/span><\/p><p><span class=\"theming-custom\">Les vostres dades personals seran comunicades a tercers en els sup\u00f2sits seg\u00fcents:<\/span><\/p><ul><li><span class=\"theming-custom\">No comparteixo les dades amb tercers.<\/span><\/li><\/ul><p><span class=\"theming-custom\"><strong>6. Drets<\/strong><\/span><\/p><p><span class=\"theming-custom\">T\u00e9 dret a obtenir confirmaci\u00f3 sobre si a <strong>VERA RAMIREZ GESTIONS, S.L.<\/strong> estem tractant dades personals que us concerneixin, o no.<\/span><\/p><p><span class=\"theming-custom\">Aix\u00ed mateix, teniu dret d&#8217;acc\u00e9s a les vostres dades personals, aix\u00ed com a sol\u00b7licitar la <i>rectificaci\u00f3 <\/i>de les dades inexactes o, si escau, sol\u00b7licitar-ne la <i>supressi\u00f3 <\/i>quan, entre altres motius, les dades ja no siguin necess\u00e0ries per als fins que van ser recollides.<\/span><\/p><p><span class=\"theming-custom\">En determinades circumst\u00e0ncies, podr\u00e0 sol\u00b7licitar la <i>limitaci\u00f3 del tractament <\/i>de les seves dades, cas en qu\u00e8 \u00fanicament les conservarem per a l&#8217;exercici o la defensa de reclamacions.<\/span><\/p><p><span class=\"theming-custom\">Addicionalment, en determinades circumst\u00e0ncies i per motius relacionats amb la vostra situaci\u00f3 particular, podreu exercir el dret d&#8217;<i>oposici\u00f3 <\/i>al tractament de les vostres dades. <strong>VERA RAMIREZ GESTIONS, S.L.<\/strong> deixar\u00e0 de tractar les dades, tret de motius leg\u00edtims imperiosos, o l&#8217;exercici o la defensa de possibles reclamacions.<\/span><\/p><p><span class=\"theming-custom\">Aix\u00ed mateix, pot exercir el dret a la <i>portabilitat <\/i>de les dades, aix\u00ed com retirar els consentiments facilitats en qualsevol moment, sense que aix\u00f2 afecti la licitud del tractament basat en el consentiment previ a la seva retirada.<\/span><\/p><p><span class=\"theming-custom\">Si voleu fer \u00fas de qualsevol dels vostres drets podeu fer-los a trav\u00e9s dels enlla\u00e7os habilitats que trobareu a continuaci\u00f3:<\/span><\/p><ul><li><span class=\"theming-custom\">Per exercir el vostre dret d&#8217;<strong>acc\u00e9s<\/strong> feu clic <\/span><a href=\"https:\/\/intranet.laboralrgpd.com\/webApp\/clientes_derechos\/derechos-formulario.php?id_cliente=Sng5YVdKdG5vWlU4Ulc1TUEvSEp2QT09\" target=\"_blank\" rel=\"noopener\"><span class=\"theming-custom\">aqu\u00ed<\/span><\/a><\/li><li><span class=\"theming-custom\">Per exercir el seu dret de <strong>Rectificaci\u00f3<\/strong> feu clic <\/span><a href=\"https:\/\/intranet.laboralrgpd.com\/webApp\/clientes_derechos\/derechos-formulario.php?id_cliente=Sng5YVdKdG5vWlU4Ulc1TUEvSEp2QT09\" target=\"_blank\" rel=\"noopener\"><span class=\"theming-custom\">aqu\u00ed<\/span><\/a><\/li><li><span class=\"theming-custom\">Per exercir el seu dret de <strong>Supressi\u00f3 (Oblit)<\/strong> feu clic <\/span><a href=\"https:\/\/intranet.laboralrgpd.com\/webApp\/clientes_derechos\/derechos-formulario.php?id_cliente=Sng5YVdKdG5vWlU4Ulc1TUEvSEp2QT09\" target=\"_blank\" rel=\"noopener\"><span class=\"theming-custom\">aqu\u00ed<\/span><\/a><\/li><li><span class=\"theming-custom\">Per exercir el seu dret de <strong>Limitaci\u00f3 del Tractament<\/strong> feu clic <\/span><a href=\"https:\/\/intranet.laboralrgpd.com\/webApp\/clientes_derechos\/derechos-formulario.php?id_cliente=Sng5YVdKdG5vWlU4Ulc1TUEvSEp2QT09\" target=\"_blank\" rel=\"noopener\"><span class=\"theming-custom\">aqu\u00ed<\/span><\/a><\/li><li><span class=\"theming-custom\">Per exercir el seu dret d&#8217; <strong>Oposici\u00f3<\/strong> feu clic <\/span><a href=\"https:\/\/intranet.laboralrgpd.com\/webApp\/clientes_derechos\/derechos-formulario.php?id_cliente=Sng5YVdKdG5vWlU4Ulc1TUEvSEp2QT09\" target=\"_blank\" rel=\"noopener\"><span class=\"theming-custom\">aqu\u00ed<\/span><\/a><\/li><li><span class=\"theming-custom\">Per exercir el seu dret de <strong>Portabilitat<\/strong> feu clic <\/span><a href=\"https:\/\/intranet.laboralrgpd.com\/webApp\/clientes_derechos\/derechos-formulario.php?id_cliente=Sng5YVdKdG5vWlU4Ulc1TUEvSEp2QT09\" target=\"_blank\" rel=\"noopener\"><span class=\"theming-custom\">aqu\u00ed<\/span><\/a><\/li><\/ul><p><span class=\"theming-custom\">Alternativament, tamb\u00e9 us podeu adre\u00e7ar a nosaltres mitjan\u00e7ant correu postal a la seg\u00fcent adre\u00e7a: <strong>PASSEIG D&#8217;OLOT, 47 &#8211; (17006) GIRONA <\/strong>adjuntat una fotoc\u00f2pia del DNI, per a la certesa de la seva identitat. Recordeu facilitar la major informaci\u00f3 possible sobre la vostra sol\u00b7licitud: Nom i cognoms, adre\u00e7a de correu electr\u00f2nic que utilitza per al compte o portal objecte de la vostra sol\u00b7licitud. <\/span><\/p><p><span class=\"theming-custom\">Finalment, us informem que podeu adre\u00e7ar-vos davant l&#8217;Ag\u00e8ncia Espanyola de Protecci\u00f3 de Dades i altres organismes p\u00fablics competents per a qualsevol reclamaci\u00f3 derivada del tractament de les vostres dades personals.<\/span> <\/p><p><span class=\"theming-custom\"><b>7. Pol\u00edtica de cookies<br><\/b><\/span><span class=\"theming-custom\" style=\"background-color: transparent;\">Per con\u00e8ixer les cookies que utilitzem a la nostra p\u00e0gina, recordeu que podeu accedir a la nostra Pol\u00edtica de Cookies a trav\u00e9s del seg\u00fcent enlla\u00e7 pol\u00edtica de cookies. <\/span><a href=\"https:\/\/intranet.laboralrgpd.com\/politicaCookies\/index.php?sid=Sng5YVdKdG5vWlU4Ulc1TUEvSEp2QT09\" target=\"_blank\" rel=\"noopener\"><span class=\"theming-custom\">pol\u00edtica de cookies<\/span><\/a><span class=\"theming-custom\" style=\"background-color: transparent;\">.<\/span><\/p>\t\t\t\t\t\t\t\t<\/div>\n\t\t\t\t<\/div>\n\t\t\t\t\t<\/div>\n\t\t\t\t<\/div>\n\t\t\t\t<\/div>\n\t\t","protected":false},"excerpt":{"rendered":"<p>Pol\u00edtica de Privadesa Informaci\u00f3 sobre Protecci\u00f3 de Dades Dades relatives al Responsable 1. Responsable Tractament &#8211; Entitat: VERA RAMIREZ GESTIONS, S.L. &#8211; CIF de lentitat: B70989264 &#8211; Adre\u00e7a de l&#8217;entitat: PASSEIG D&#8217;OLOT, 47 &#8211; (17006) GIRONA &#8211; Email de l&#8217;entitat: VERARAMIREZGESTIONS@GMAIL.COM &#8211; Responsable del tractament: TATIANA VERA RAMIREZ &#8211; Tel\u00e8fon del Responsable del tractament: 613782161 [&hellip;]<\/p>\n","protected":false},"author":1,"featured_media":0,"parent":0,"menu_order":0,"comment_status":"closed","ping_status":"closed","template":"","meta":{"_joinchat":[],"footnotes":""},"class_list":["post-868","page","type-page","status-publish","hentry"],"yoast_head":"<!-- This site is optimized with the Yoast SEO plugin v27.0 - https:\/\/yoast.com\/product\/yoast-seo-wordpress\/ -->\n<title>Pol\u00edtica de Privadesa - Gestoria en Girona - Veragestions<\/title>\n<meta name=\"robots\" content=\"index, follow, max-snippet:-1, max-image-preview:large, max-video-preview:-1\" \/>\n<link rel=\"canonical\" href=\"https:\/\/veragestions.com\/ca\/politica-de-privadesa\/\" \/>\n<meta property=\"og:locale\" content=\"ca_ES\" \/>\n<meta property=\"og:type\" content=\"article\" \/>\n<meta property=\"og:title\" content=\"Pol\u00edtica de Privadesa - Gestoria en Girona - Veragestions\" \/>\n<meta property=\"og:description\" content=\"Pol\u00edtica de Privadesa Informaci\u00f3 sobre Protecci\u00f3 de Dades Dades relatives al Responsable 1. Responsable Tractament &#8211; Entitat: VERA RAMIREZ GESTIONS, S.L. &#8211; CIF de lentitat: B70989264 &#8211; Adre\u00e7a de l&#8217;entitat: PASSEIG D&#8217;OLOT, 47 &#8211; (17006) GIRONA &#8211; Email de l&#8217;entitat: VERARAMIREZGESTIONS@GMAIL.COM &#8211; Responsable del tractament: TATIANA VERA RAMIREZ &#8211; Tel\u00e8fon del Responsable del tractament: 613782161 [&hellip;]\" \/>\n<meta property=\"og:url\" content=\"https:\/\/veragestions.com\/ca\/politica-de-privadesa\/\" \/>\n<meta property=\"og:site_name\" content=\"Gestoria en Girona - Veragestions\" \/>\n<meta property=\"article:modified_time\" content=\"2025-05-14T23:13:29+00:00\" \/>\n<meta name=\"twitter:card\" content=\"summary_large_image\" \/>\n<meta name=\"twitter:label1\" content=\"Temps estimat de lectura\" \/>\n\t<meta name=\"twitter:data1\" content=\"3 minuts\" \/>\n<script type=\"application\/ld+json\" class=\"yoast-schema-graph\">{\"@context\":\"https:\/\/schema.org\",\"@graph\":[{\"@type\":\"WebPage\",\"@id\":\"https:\/\/veragestions.com\/ca\/politica-de-privadesa\/\",\"url\":\"https:\/\/veragestions.com\/ca\/politica-de-privadesa\/\",\"name\":\"Pol\u00edtica de Privadesa - Gestoria en Girona - Veragestions\",\"isPartOf\":{\"@id\":\"https:\/\/veragestions.com\/ca\/#website\"},\"datePublished\":\"2025-04-22T22:21:52+00:00\",\"dateModified\":\"2025-05-14T23:13:29+00:00\",\"breadcrumb\":{\"@id\":\"https:\/\/veragestions.com\/ca\/politica-de-privadesa\/#breadcrumb\"},\"inLanguage\":\"ca\",\"potentialAction\":[{\"@type\":\"ReadAction\",\"target\":[\"https:\/\/veragestions.com\/ca\/politica-de-privadesa\/\"]}]},{\"@type\":\"BreadcrumbList\",\"@id\":\"https:\/\/veragestions.com\/ca\/politica-de-privadesa\/#breadcrumb\",\"itemListElement\":[{\"@type\":\"ListItem\",\"position\":1,\"name\":\"Portada\",\"item\":\"https:\/\/veragestions.com\/ca\/\"},{\"@type\":\"ListItem\",\"position\":2,\"name\":\"Pol\u00edtica de Privadesa\"}]},{\"@type\":\"WebSite\",\"@id\":\"https:\/\/veragestions.com\/ca\/#website\",\"url\":\"https:\/\/veragestions.com\/ca\/\",\"name\":\"Gestoria en Girona - Veragestions\",\"description\":\"Veragestions - Gestoria en Girona\",\"publisher\":{\"@id\":\"https:\/\/veragestions.com\/ca\/#organization\"},\"potentialAction\":[{\"@type\":\"SearchAction\",\"target\":{\"@type\":\"EntryPoint\",\"urlTemplate\":\"https:\/\/veragestions.com\/ca\/?s={search_term_string}\"},\"query-input\":{\"@type\":\"PropertyValueSpecification\",\"valueRequired\":true,\"valueName\":\"search_term_string\"}}],\"inLanguage\":\"ca\"},{\"@type\":\"Organization\",\"@id\":\"https:\/\/veragestions.com\/ca\/#organization\",\"name\":\"Gestoria en Girona - Veragestions\",\"url\":\"https:\/\/veragestions.com\/ca\/\",\"logo\":{\"@type\":\"ImageObject\",\"inLanguage\":\"ca\",\"@id\":\"https:\/\/veragestions.com\/ca\/#\/schema\/logo\/image\/\",\"url\":\"https:\/\/veragestions.com\/wp-content\/uploads\/2025\/04\/cropped-veragestions-logo-h-p-5.png\",\"contentUrl\":\"https:\/\/veragestions.com\/wp-content\/uploads\/2025\/04\/cropped-veragestions-logo-h-p-5.png\",\"width\":1000,\"height\":286,\"caption\":\"Gestoria en Girona - Veragestions\"},\"image\":{\"@id\":\"https:\/\/veragestions.com\/ca\/#\/schema\/logo\/image\/\"}}]}<\/script>\n<!-- \/ Yoast SEO plugin. -->","yoast_head_json":{"title":"Pol\u00edtica de Privadesa - Gestoria en Girona - Veragestions","robots":{"index":"index","follow":"follow","max-snippet":"max-snippet:-1","max-image-preview":"max-image-preview:large","max-video-preview":"max-video-preview:-1"},"canonical":"https:\/\/veragestions.com\/ca\/politica-de-privadesa\/","og_locale":"ca_ES","og_type":"article","og_title":"Pol\u00edtica de Privadesa - Gestoria en Girona - Veragestions","og_description":"Pol\u00edtica de Privadesa Informaci\u00f3 sobre Protecci\u00f3 de Dades Dades relatives al Responsable 1. Responsable Tractament &#8211; Entitat: VERA RAMIREZ GESTIONS, S.L. &#8211; CIF de lentitat: B70989264 &#8211; Adre\u00e7a de l&#8217;entitat: PASSEIG D&#8217;OLOT, 47 &#8211; (17006) GIRONA &#8211; Email de l&#8217;entitat: VERARAMIREZGESTIONS@GMAIL.COM &#8211; Responsable del tractament: TATIANA VERA RAMIREZ &#8211; Tel\u00e8fon del Responsable del tractament: 613782161 [&hellip;]","og_url":"https:\/\/veragestions.com\/ca\/politica-de-privadesa\/","og_site_name":"Gestoria en Girona - Veragestions","article_modified_time":"2025-05-14T23:13:29+00:00","twitter_card":"summary_large_image","twitter_misc":{"Temps estimat de lectura":"3 minuts"},"schema":{"@context":"https:\/\/schema.org","@graph":[{"@type":"WebPage","@id":"https:\/\/veragestions.com\/ca\/politica-de-privadesa\/","url":"https:\/\/veragestions.com\/ca\/politica-de-privadesa\/","name":"Pol\u00edtica de Privadesa - Gestoria en Girona - Veragestions","isPartOf":{"@id":"https:\/\/veragestions.com\/ca\/#website"},"datePublished":"2025-04-22T22:21:52+00:00","dateModified":"2025-05-14T23:13:29+00:00","breadcrumb":{"@id":"https:\/\/veragestions.com\/ca\/politica-de-privadesa\/#breadcrumb"},"inLanguage":"ca","potentialAction":[{"@type":"ReadAction","target":["https:\/\/veragestions.com\/ca\/politica-de-privadesa\/"]}]},{"@type":"BreadcrumbList","@id":"https:\/\/veragestions.com\/ca\/politica-de-privadesa\/#breadcrumb","itemListElement":[{"@type":"ListItem","position":1,"name":"Portada","item":"https:\/\/veragestions.com\/ca\/"},{"@type":"ListItem","position":2,"name":"Pol\u00edtica de Privadesa"}]},{"@type":"WebSite","@id":"https:\/\/veragestions.com\/ca\/#website","url":"https:\/\/veragestions.com\/ca\/","name":"Gestoria en Girona - Veragestions","description":"Veragestions - Gestoria en Girona","publisher":{"@id":"https:\/\/veragestions.com\/ca\/#organization"},"potentialAction":[{"@type":"SearchAction","target":{"@type":"EntryPoint","urlTemplate":"https:\/\/veragestions.com\/ca\/?s={search_term_string}"},"query-input":{"@type":"PropertyValueSpecification","valueRequired":true,"valueName":"search_term_string"}}],"inLanguage":"ca"},{"@type":"Organization","@id":"https:\/\/veragestions.com\/ca\/#organization","name":"Gestoria en Girona - Veragestions","url":"https:\/\/veragestions.com\/ca\/","logo":{"@type":"ImageObject","inLanguage":"ca","@id":"https:\/\/veragestions.com\/ca\/#\/schema\/logo\/image\/","url":"https:\/\/veragestions.com\/wp-content\/uploads\/2025\/04\/cropped-veragestions-logo-h-p-5.png","contentUrl":"https:\/\/veragestions.com\/wp-content\/uploads\/2025\/04\/cropped-veragestions-logo-h-p-5.png","width":1000,"height":286,"caption":"Gestoria en Girona - Veragestions"},"image":{"@id":"https:\/\/veragestions.com\/ca\/#\/schema\/logo\/image\/"}}]}},"_links":{"self":[{"href":"https:\/\/veragestions.com\/ca\/wp-json\/wp\/v2\/pages\/868","targetHints":{"allow":["GET"]}}],"collection":[{"href":"https:\/\/veragestions.com\/ca\/wp-json\/wp\/v2\/pages"}],"about":[{"href":"https:\/\/veragestions.com\/ca\/wp-json\/wp\/v2\/types\/page"}],"author":[{"embeddable":true,"href":"https:\/\/veragestions.com\/ca\/wp-json\/wp\/v2\/users\/1"}],"replies":[{"embeddable":true,"href":"https:\/\/veragestions.com\/ca\/wp-json\/wp\/v2\/comments?post=868"}],"version-history":[{"count":1,"href":"https:\/\/veragestions.com\/ca\/wp-json\/wp\/v2\/pages\/868\/revisions"}],"predecessor-version":[{"id":869,"href":"https:\/\/veragestions.com\/ca\/wp-json\/wp\/v2\/pages\/868\/revisions\/869"}],"wp:attachment":[{"href":"https:\/\/veragestions.com\/ca\/wp-json\/wp\/v2\/media?parent=868"}],"curies":[{"name":"wp","href":"https:\/\/api.w.org\/{rel}","templated":true}]}}